{"id":888,"date":"2024-02-18T20:07:54","date_gmt":"2024-02-18T19:07:54","guid":{"rendered":"https:\/\/www.ypseli.com\/?page_id=888"},"modified":"2024-02-22T16:33:13","modified_gmt":"2024-02-22T15:33:13","slug":"politique-de-confidentialite","status":"publish","type":"page","link":"https:\/\/www.ypseli.com\/index.php\/politique-de-confidentialite\/","title":{"rendered":"Politique de confidentialit\u00e9"},"content":{"rendered":"\t\t<div data-elementor-type=\"wp-page\" data-elementor-id=\"888\" class=\"elementor elementor-888\" data-elementor-post-type=\"page\">\n\t\t\t\t<div class=\"elementor-element elementor-element-82411cb e-flex e-con-boxed e-con e-parent\" data-id=\"82411cb\" data-element_type=\"container\" data-settings=\"{&quot;content_width&quot;:&quot;boxed&quot;}\" data-core-v316-plus=\"true\">\n\t\t\t\t\t<div class=\"e-con-inner\">\n\t\t\t\t<div class=\"elementor-element elementor-element-64a4ebe elementor-hidden-mobile elementor-widget-divider--view-line elementor-widget elementor-widget-divider\" data-id=\"64a4ebe\" data-element_type=\"widget\" data-widget_type=\"divider.default\">\n\t\t\t\t<div class=\"elementor-widget-container\">\n\t\t\t<style>\/*! elementor - v3.19.0 - 07-02-2024 *\/\n.elementor-widget-divider{--divider-border-style:none;--divider-border-width:1px;--divider-color:#0c0d0e;--divider-icon-size:20px;--divider-element-spacing:10px;--divider-pattern-height:24px;--divider-pattern-size:20px;--divider-pattern-url:none;--divider-pattern-repeat:repeat-x}.elementor-widget-divider .elementor-divider{display:flex}.elementor-widget-divider .elementor-divider__text{font-size:15px;line-height:1;max-width:95%}.elementor-widget-divider .elementor-divider__element{margin:0 var(--divider-element-spacing);flex-shrink:0}.elementor-widget-divider .elementor-icon{font-size:var(--divider-icon-size)}.elementor-widget-divider .elementor-divider-separator{display:flex;margin:0;direction:ltr}.elementor-widget-divider--view-line_icon .elementor-divider-separator,.elementor-widget-divider--view-line_text .elementor-divider-separator{align-items:center}.elementor-widget-divider--view-line_icon .elementor-divider-separator:after,.elementor-widget-divider--view-line_icon .elementor-divider-separator:before,.elementor-widget-divider--view-line_text .elementor-divider-separator:after,.elementor-widget-divider--view-line_text .elementor-divider-separator:before{display:block;content:\"\";border-block-end:0;flex-grow:1;border-block-start:var(--divider-border-width) var(--divider-border-style) var(--divider-color)}.elementor-widget-divider--element-align-left .elementor-divider .elementor-divider-separator>.elementor-divider__svg:first-of-type{flex-grow:0;flex-shrink:100}.elementor-widget-divider--element-align-left .elementor-divider-separator:before{content:none}.elementor-widget-divider--element-align-left .elementor-divider__element{margin-left:0}.elementor-widget-divider--element-align-right .elementor-divider .elementor-divider-separator>.elementor-divider__svg:last-of-type{flex-grow:0;flex-shrink:100}.elementor-widget-divider--element-align-right .elementor-divider-separator:after{content:none}.elementor-widget-divider--element-align-right .elementor-divider__element{margin-right:0}.elementor-widget-divider--element-align-start .elementor-divider .elementor-divider-separator>.elementor-divider__svg:first-of-type{flex-grow:0;flex-shrink:100}.elementor-widget-divider--element-align-start .elementor-divider-separator:before{content:none}.elementor-widget-divider--element-align-start .elementor-divider__element{margin-inline-start:0}.elementor-widget-divider--element-align-end .elementor-divider .elementor-divider-separator>.elementor-divider__svg:last-of-type{flex-grow:0;flex-shrink:100}.elementor-widget-divider--element-align-end .elementor-divider-separator:after{content:none}.elementor-widget-divider--element-align-end .elementor-divider__element{margin-inline-end:0}.elementor-widget-divider:not(.elementor-widget-divider--view-line_text):not(.elementor-widget-divider--view-line_icon) .elementor-divider-separator{border-block-start:var(--divider-border-width) var(--divider-border-style) var(--divider-color)}.elementor-widget-divider--separator-type-pattern{--divider-border-style:none}.elementor-widget-divider--separator-type-pattern.elementor-widget-divider--view-line .elementor-divider-separator,.elementor-widget-divider--separator-type-pattern:not(.elementor-widget-divider--view-line) .elementor-divider-separator:after,.elementor-widget-divider--separator-type-pattern:not(.elementor-widget-divider--view-line) .elementor-divider-separator:before,.elementor-widget-divider--separator-type-pattern:not([class*=elementor-widget-divider--view]) .elementor-divider-separator{width:100%;min-height:var(--divider-pattern-height);-webkit-mask-size:var(--divider-pattern-size) 100%;mask-size:var(--divider-pattern-size) 100%;-webkit-mask-repeat:var(--divider-pattern-repeat);mask-repeat:var(--divider-pattern-repeat);background-color:var(--divider-color);-webkit-mask-image:var(--divider-pattern-url);mask-image:var(--divider-pattern-url)}.elementor-widget-divider--no-spacing{--divider-pattern-size:auto}.elementor-widget-divider--bg-round{--divider-pattern-repeat:round}.rtl .elementor-widget-divider .elementor-divider__text{direction:rtl}.e-con-inner>.elementor-widget-divider,.e-con>.elementor-widget-divider{width:var(--container-widget-width,100%);--flex-grow:var(--container-widget-flex-grow)}<\/style>\t\t<div class=\"elementor-divider\">\n\t\t\t<span class=\"elementor-divider-separator\">\n\t\t\t\t\t\t<\/span>\n\t\t<\/div>\n\t\t\t\t<\/div>\n\t\t\t\t<\/div>\n\t\t\t\t<div class=\"elementor-element elementor-element-4ef4bb8 elementor-widget-divider--view-line elementor-widget elementor-widget-divider\" data-id=\"4ef4bb8\" data-element_type=\"widget\" data-widget_type=\"divider.default\">\n\t\t\t\t<div class=\"elementor-widget-container\">\n\t\t\t\t\t<div class=\"elementor-divider\">\n\t\t\t<span class=\"elementor-divider-separator\">\n\t\t\t\t\t\t<\/span>\n\t\t<\/div>\n\t\t\t\t<\/div>\n\t\t\t\t<\/div>\n\t\t\t\t<div class=\"elementor-element elementor-element-8f19956 elementor-widget elementor-widget-text-editor\" data-id=\"8f19956\" data-element_type=\"widget\" data-widget_type=\"text-editor.default\">\n\t\t\t\t<div class=\"elementor-widget-container\">\n\t\t\t<style>\/*! elementor - v3.19.0 - 07-02-2024 *\/\n.elementor-widget-text-editor.elementor-drop-cap-view-stacked .elementor-drop-cap{background-color:#69727d;color:#fff}.elementor-widget-text-editor.elementor-drop-cap-view-framed .elementor-drop-cap{color:#69727d;border:3px solid;background-color:transparent}.elementor-widget-text-editor:not(.elementor-drop-cap-view-default) .elementor-drop-cap{margin-top:8px}.elementor-widget-text-editor:not(.elementor-drop-cap-view-default) .elementor-drop-cap-letter{width:1em;height:1em}.elementor-widget-text-editor .elementor-drop-cap{float:left;text-align:center;line-height:1;font-size:50px}.elementor-widget-text-editor .elementor-drop-cap-letter{display:inline-block}<\/style>\t\t\t\t<p class=\"p1\"><span class=\"s1\">Dans le cadre de la protection de vos donn\u00e9es personnelles, nous nous engageons \u00e0 respecter la confidentialit\u00e9 et la s\u00e9curit\u00e9 des informations que nous collectons.\u00a0Sur le site Web, nous collectons des renseignements via le formulaire de la page Contact, qui peuvent inclure les types d\u2019informations suivantes :<\/span><\/p><p class=\"p1\"><span class=\"s1\">&#8211; Nom<\/span><\/p><p class=\"p1\"><span class=\"s1\">&#8211; Pr\u00e9nom<\/span><\/p><p class=\"p1\"><span class=\"s1\">&#8211; Adresse \u00e9lectronique<\/span><\/p><p class=\"p1\"><span class=\"s1\">\u00a0<\/span><\/p><p class=\"p1\"><span class=\"s1\">Et dans le cadre du recrutement, toute information susceptible d\u2019\u00eatre renseign\u00e9e dans vos documents (CV et lettre de motivation) :<\/span><\/p><p class=\"p1\"><span class=\"s1\">&#8211;\u00a0Genre<\/span><\/p><p class=\"p1\"><span class=\"s1\">&#8211;\u00a0Date de naissance<\/span><\/p><p class=\"p1\"><span class=\"s1\">&#8211;\u00a0Scolarit\u00e9 \/ Formation<\/span><\/p><p class=\"p1\"><span class=\"s1\">&#8211;\u00a0Profession<\/span><\/p><p class=\"p1\"><span class=\"s1\">&#8211;\u00a0Situation familiale<\/span><\/p><p class=\"p1\"><span class=\"s1\">&#8211;\u00a0Etc.<\/span><\/p><p class=\"p1\"><span class=\"s1\">\u00a0<\/span><\/p><p class=\"p1\"><span class=\"s1\">Vos renseignements personnels sont collect\u00e9s par le biais du\u00a0 formulaire de contact.\u00a0Dans le cadre d\u2019un contact ou d\u2019un recrutement, nous utilisons les renseignements collect\u00e9s dans la cadre uniquement de nos \u00e9changes.\u00a0Nous nous engageons \u00e0 vous offrir un droit d\u2019opposition et de retrait quant \u00e0 vos renseignements personnels.\u00a0Le droit d\u2019opposition s\u2019entend comme \u00e9tant la possibilit\u00e9 offerte aux internautes de refuser que leurs renseignements personnels soient utilis\u00e9es \u00e0 certaines fins mentionn\u00e9es lors de la collecte.\u00a0Le droit de retrait s\u2019entend comme \u00e9tant la possibilit\u00e9 offerte aux internautes de demander \u00e0 ce que leurs renseignements personnels ne figurent plus, par exemple, dans une liste de diffusion.<\/span><\/p><p class=\"p1\"><span class=\"s1\">Pour pouvoir exercer ces droits, vous pouvez nous contacter\u00a0via :<\/span><\/p><p class=\"p1\"><span class=\"s1\">&#8211;\u00a0Courriel<\/span><\/p><p class=\"p1\"><span class=\"s1\">&#8211;\u00a0Page contact du site web<\/span><\/p><p class=\"p1\"><span class=\"s1\">\u00a0<\/span><\/p><p class=\"p1\"><span style=\"text-decoration: underline;\"><span class=\"s2\"><b>Droit d&rsquo;acc\u00e8s<\/b><\/span><\/span><\/p><p class=\"p1\"><span class=\"s1\">Nous nous engageons \u00e0 reconna\u00eetre un droit d\u2019acc\u00e8s et de rectification aux personnes concern\u00e9es d\u00e9sireuses de consulter, modifier, voire radier les informations les concernant.<\/span><\/p><p class=\"p1\"><span class=\"s1\">L\u2019exercice de ce droit se fera via :<\/span><\/p><p class=\"p1\"><span class=\"s1\">&#8211;\u00a0\u00a0Courriel<\/span><\/p><p class=\"p1\"><span class=\"s1\">&#8211;\u00a0\u00a0T\u00e9l\u00e9phone<\/span><\/p><p class=\"p1\"><span class=\"s1\">&#8211;\u00a0\u00a0Page contact du site web<\/span><\/p><p class=\"p1\"><span class=\"s1\">Les personnes travaillant pour nous sont tenues de respecter la confidentialit\u00e9 de vos informations.<\/span><\/p>\t\t\t\t\t\t<\/div>\n\t\t\t\t<\/div>\n\t\t\t\t\t<\/div>\n\t\t\t\t<\/div>\n\t\t\t\t<\/div>\n\t\t","protected":false},"excerpt":{"rendered":"<p>Dans le cadre de la protection de vos donn\u00e9es personnelles, nous nous engageons \u00e0 respecter la confidentialit\u00e9 et la s\u00e9curit\u00e9 des informations que nous collectons.\u00a0Sur le site Web, nous collectons des renseignements via le formulaire de la page Contact, qui peuvent inclure les types d\u2019informations suivantes : &#8211; Nom &#8211; Pr\u00e9nom &#8211; Adresse \u00e9lectronique \u00a0 [&hellip;]<\/p>\n","protected":false},"author":1,"featured_media":0,"parent":0,"menu_order":0,"comment_status":"closed","ping_status":"closed","template":"","meta":{"footnotes":""},"class_list":["post-888","page","type-page","status-publish","hentry"],"_links":{"self":[{"href":"https:\/\/www.ypseli.com\/index.php\/wp-json\/wp\/v2\/pages\/888","targetHints":{"allow":["GET"]}}],"collection":[{"href":"https:\/\/www.ypseli.com\/index.php\/wp-json\/wp\/v2\/pages"}],"about":[{"href":"https:\/\/www.ypseli.com\/index.php\/wp-json\/wp\/v2\/types\/page"}],"author":[{"embeddable":true,"href":"https:\/\/www.ypseli.com\/index.php\/wp-json\/wp\/v2\/users\/1"}],"replies":[{"embeddable":true,"href":"https:\/\/www.ypseli.com\/index.php\/wp-json\/wp\/v2\/comments?post=888"}],"version-history":[{"count":32,"href":"https:\/\/www.ypseli.com\/index.php\/wp-json\/wp\/v2\/pages\/888\/revisions"}],"predecessor-version":[{"id":1265,"href":"https:\/\/www.ypseli.com\/index.php\/wp-json\/wp\/v2\/pages\/888\/revisions\/1265"}],"wp:attachment":[{"href":"https:\/\/www.ypseli.com\/index.php\/wp-json\/wp\/v2\/media?parent=888"}],"curies":[{"name":"wp","href":"https:\/\/api.w.org\/{rel}","templated":true}]}}